{"id":21,"date":"2023-04-27T19:40:42","date_gmt":"2023-04-27T19:40:42","guid":{"rendered":"https:\/\/maas-now.de\/?page_id=21"},"modified":"2023-04-27T21:26:32","modified_gmt":"2023-04-27T21:26:32","slug":"die-letzte-stadt","status":"publish","type":"page","link":"https:\/\/maas-now.de\/?page_id=21","title":{"rendered":"Die letzte Stadt"},"content":{"rendered":"\n<p>Die Sonne brannte hei\u00df auf die verlassene Stadt herunter. Es war ein Tag wie jeder andere in der postapokalyptischen Welt, in der Jana lebte. Sie wanderte alleine durch die Stra\u00dfen, auf der Suche nach einem sicheren Ort zum \u00dcbernachten. Die meisten St\u00e4dte, die sie bisher besucht hatte, waren entweder von der Katastrophe zerst\u00f6rt oder von Banditen und Pl\u00fcnderern besetzt.<\/p>\n\n\n\n<p>Als sie durch die verlassenen Stra\u00dfen ging, h\u00f6rte sie pl\u00f6tzlich das Ger\u00e4usch von Sch\u00fcssen in der Ferne. Sie z\u00f6gerte einen Moment, dann lief sie in die Richtung, aus der das Ger\u00e4usch kam. Als sie um die Ecke bog, sah sie eine Gruppe Banditen, die eine Gruppe \u00dcberlebender belagerte.<\/p>\n\n\n\n<p>Jana z\u00f6gerte nicht lange. Sie zog ihre Waffe und st\u00fcrmte auf die Banditen zu, die von ihrer pl\u00f6tzlichen Ankunft \u00fcberrascht wurden. Jana k\u00e4mpfte wie eine L\u00f6win, um die Gruppe \u00dcberlebender zu retten. Es war ein harter Kampf, aber schlie\u00dflich gelang es ihr, die Banditen zu besiegen.<\/p>\n\n\n\n<figure class=\"wp-block-image size-full\"><a href=\"https:\/\/www.digistore24.com\/redir\/479426\/maas-now\/\" target=\"_blank\" rel=\"noreferrer noopener\"><img decoding=\"async\" loading=\"lazy\" width=\"1023\" height=\"564\" src=\"https:\/\/maas-now.de\/wp-content\/uploads\/2023\/04\/Network-in-destroyed-landscape-long.jpg\" alt=\"\" class=\"wp-image-27\" srcset=\"https:\/\/maas-now.de\/wp-content\/uploads\/2023\/04\/Network-in-destroyed-landscape-long.jpg 1023w, https:\/\/maas-now.de\/wp-content\/uploads\/2023\/04\/Network-in-destroyed-landscape-long-300x165.jpg 300w, https:\/\/maas-now.de\/wp-content\/uploads\/2023\/04\/Network-in-destroyed-landscape-long-768x423.jpg 768w, https:\/\/maas-now.de\/wp-content\/uploads\/2023\/04\/Network-in-destroyed-landscape-long-490x270.jpg 490w\" sizes=\"(max-width: 1023px) 100vw, 1023px\" \/><\/a><figcaption class=\"wp-element-caption\"><sup><em><code>ChatGPT: Der AI-Allrounder f\u00fcr deinen Alltag<\/code><\/em><\/sup><\/figcaption><\/figure>\n\n\n\n<p>Als der Kampf vorbei war, sah sie die ersch\u00f6pften Gesichter der \u00dcberlebenden. Sie waren dankbar, dass sie gerettet worden waren, aber auch misstrauisch gegen\u00fcber der Fremden, die ihnen geholfen hatte.<\/p>\n\n\n\n<p>&#8222;Wir haben ein Lager in der N\u00e4he&#8220;, sagte Wulf. &#8222;Du bist willkommen, dich uns anzuschlie\u00dfen.&#8220;<\/p>\n\n\n\n<p>Die Gruppe \u00dcberlebender folgte ihr widerstrebend in das Lager, wo sie den Rest des Tages damit verbrachte, ihnen zu helfen und sie zu unterst\u00fctzen. Es war das erste Mal seit langer Zeit, dass Jana das Gef\u00fchl hatte, dass sie irgendwo hingeh\u00f6rte.<\/p>\n\n\n\n<p>In den n\u00e4chsten Tagen blieben sie zusammen und arbeiteten daran, das Lager sicherer und lebensf\u00e4higer zu machen. Es war schwierig, aber sie schafften es. Die Gruppe \u00dcberlebender lernte, dass Jana eine erfahrene Soldatin war und dass sie viel von ihr lernen konnten. Jana lernte, dass sie in dieser Gruppe Menschen gefunden hatte, die sie besch\u00fctzen und f\u00fcr die sie k\u00e4mpfen konnte.<\/p>\n\n\n\n<p>Als sie am Ende der Woche zusammen am Lagerfeuer sa\u00dfen, fragte Max, der Anf\u00fchrer der Gruppe \u00dcberlebender, Jana, ob sie sich ihnen anschlie\u00dfen und Teil ihrer Gemeinschaft werden wollte.<\/p>\n\n\n\n<p>Jana z\u00f6gerte einen Moment, dann sagte sie: &#8222;Ja, ich will.&#8220;<\/p>\n\n\n\n<p>Es war ein kleiner Moment der Hoffnung in einer Welt, die von Gewalt und Zerst\u00f6rung gepr\u00e4gt war. Aber f\u00fcr Jana und die Gruppe \u00dcberlebender war es ein Anfang &#8211; der Anfang ihrer Reise in &#8222;Die letzte Stadt&#8220;.<\/p>\n","protected":false},"excerpt":{"rendered":"<p>Die Sonne brannte hei\u00df auf die verlassene Stadt herunter. Es war ein Tag wie jeder andere in der postapokalyptischen Welt, in der Jana lebte. Sie wanderte alleine durch die Stra\u00dfen, auf der Suche nach einem sicheren Ort zum \u00dcbernachten. Die meisten St\u00e4dte, die sie bisher besucht hatte, waren entweder von der Katastrophe zerst\u00f6rt oder von &hellip; <\/p>\n<p class=\"read-more\"><a class=\"readmore-btn\" href=\"https:\/\/maas-now.de\/?page_id=21\">+<span class=\"screen-reader-text\">  Read More<\/span><\/a><\/p>\n","protected":false},"author":1,"featured_media":0,"parent":0,"menu_order":0,"comment_status":"open","ping_status":"closed","template":"","meta":[],"jetpack_sharing_enabled":true,"_links":{"self":[{"href":"https:\/\/maas-now.de\/index.php?rest_route=\/wp\/v2\/pages\/21"}],"collection":[{"href":"https:\/\/maas-now.de\/index.php?rest_route=\/wp\/v2\/pages"}],"about":[{"href":"https:\/\/maas-now.de\/index.php?rest_route=\/wp\/v2\/types\/page"}],"author":[{"embeddable":true,"href":"https:\/\/maas-now.de\/index.php?rest_route=\/wp\/v2\/users\/1"}],"replies":[{"embeddable":true,"href":"https:\/\/maas-now.de\/index.php?rest_route=%2Fwp%2Fv2%2Fcomments&post=21"}],"version-history":[{"count":5,"href":"https:\/\/maas-now.de\/index.php?rest_route=\/wp\/v2\/pages\/21\/revisions"}],"predecessor-version":[{"id":37,"href":"https:\/\/maas-now.de\/index.php?rest_route=\/wp\/v2\/pages\/21\/revisions\/37"}],"wp:attachment":[{"href":"https:\/\/maas-now.de\/index.php?rest_route=%2Fwp%2Fv2%2Fmedia&parent=21"}],"curies":[{"name":"wp","href":"https:\/\/api.w.org\/{rel}","templated":true}]}}