{"id":33,"date":"2023-04-27T20:05:12","date_gmt":"2023-04-27T20:05:12","guid":{"rendered":"https:\/\/maas-now.de\/?page_id=33"},"modified":"2023-04-27T20:08:20","modified_gmt":"2023-04-27T20:08:20","slug":"impressum","status":"publish","type":"page","link":"https:\/\/maas-now.de\/?page_id=33","title":{"rendered":"Impressum"},"content":{"rendered":"\n<h2 class=\"wp-block-heading\">Angaben gem\u00e4\u00df \u00a7 5 TMG<\/h2>\n\n\n\n<p>Andreas Schmitt<br>Andreas Schmitt IT-Dienstleistungen<br>Ortsstra\u00dfe 103<br>66459 Kirkel<\/p>\n\n\n\n<h2 class=\"wp-block-heading\">Kontakt<\/h2>\n\n\n\n<p>Telefon: +49 (0) 162 2097743<br>E-Mail: a.schmitt@maas-now.de<\/p>\n\n\n\n<h2 class=\"wp-block-heading\">Umsatzsteuer-ID<\/h2>\n\n\n\n<p>Umsatzsteuer-Identifikationsnummer gem\u00e4\u00df \u00a7 27 a Umsatzsteuergesetz:<br>DE999999999<\/p>\n\n\n\n<h2 class=\"wp-block-heading\">Berufsbezeichnung und berufsrechtliche Regelungen<\/h2>\n\n\n\n<p>Berufsbezeichnung:<br>Fachinformatiker<\/p>\n\n\n\n<p>Zust\u00e4ndige Kammer:<br>IHK Saarlande<br>Franz-Josef-R\u00f6der-Stra\u00dfe 9, 66119 Saarbr\u00fccken<\/p>\n\n\n\n<p>Verliehen in:<br>Deutschland<\/p>\n\n\n\n<p>Es gelten folgende berufsrechtliche Regelungen:<\/p>\n\n\n\n<h2 class=\"wp-block-heading\">Verbraucher\u00adstreit\u00adbeilegung\/Universal\u00adschlichtungs\u00adstelle<\/h2>\n\n\n\n<p>Wir sind nicht bereit oder verpflichtet, an Streitbeilegungsverfahren vor einer Verbraucherschlichtungsstelle teilzunehmen.<\/p>\n","protected":false},"excerpt":{"rendered":"<p>Angaben gem\u00e4\u00df \u00a7 5 TMG Andreas SchmittAndreas Schmitt IT-DienstleistungenOrtsstra\u00dfe 10366459 Kirkel Kontakt Telefon: +49 (0) 162 2097743E-Mail: a.schmitt@maas-now.de Umsatzsteuer-ID Umsatzsteuer-Identifikationsnummer gem\u00e4\u00df \u00a7 27 a Umsatzsteuergesetz:DE999999999 Berufsbezeichnung und berufsrechtliche Regelungen Berufsbezeichnung:Fachinformatiker Zust\u00e4ndige Kammer:IHK SaarlandeFranz-Josef-R\u00f6der-Stra\u00dfe 9, 66119 Saarbr\u00fccken Verliehen in:Deutschland Es gelten folgende berufsrechtliche Regelungen: Verbraucher\u00adstreit\u00adbeilegung\/Universal\u00adschlichtungs\u00adstelle Wir sind nicht bereit oder verpflichtet, an Streitbeilegungsverfahren vor einer Verbraucherschlichtungsstelle &hellip; <\/p>\n<p class=\"read-more\"><a class=\"readmore-btn\" href=\"https:\/\/maas-now.de\/?page_id=33\">+<span class=\"screen-reader-text\">  Read More<\/span><\/a><\/p>\n","protected":false},"author":1,"featured_media":0,"parent":0,"menu_order":0,"comment_status":"closed","ping_status":"closed","template":"","meta":[],"jetpack_sharing_enabled":true,"_links":{"self":[{"href":"https:\/\/maas-now.de\/index.php?rest_route=\/wp\/v2\/pages\/33"}],"collection":[{"href":"https:\/\/maas-now.de\/index.php?rest_route=\/wp\/v2\/pages"}],"about":[{"href":"https:\/\/maas-now.de\/index.php?rest_route=\/wp\/v2\/types\/page"}],"author":[{"embeddable":true,"href":"https:\/\/maas-now.de\/index.php?rest_route=\/wp\/v2\/users\/1"}],"replies":[{"embeddable":true,"href":"https:\/\/maas-now.de\/index.php?rest_route=%2Fwp%2Fv2%2Fcomments&post=33"}],"version-history":[{"count":2,"href":"https:\/\/maas-now.de\/index.php?rest_route=\/wp\/v2\/pages\/33\/revisions"}],"predecessor-version":[{"id":35,"href":"https:\/\/maas-now.de\/index.php?rest_route=\/wp\/v2\/pages\/33\/revisions\/35"}],"wp:attachment":[{"href":"https:\/\/maas-now.de\/index.php?rest_route=%2Fwp%2Fv2%2Fmedia&parent=33"}],"curies":[{"name":"wp","href":"https:\/\/api.w.org\/{rel}","templated":true}]}}